{"id":5372,"date":"2024-09-30T15:31:27","date_gmt":"2024-09-30T18:31:27","guid":{"rendered":"https:\/\/telfio.com.br\/?post_type=product&#038;p=5372"},"modified":"2024-09-30T15:31:27","modified_gmt":"2024-09-30T18:31:27","slug":"slitter-decapador-de-fibra-optica","status":"publish","type":"product","link":"https:\/\/telfio.com.br\/?product=slitter-decapador-de-fibra-optica","title":{"rendered":"Slitter decapador de fibra optica"},"content":{"rendered":"","protected":false},"excerpt":{"rendered":"<p>Decapador Longitudinal Para Sangria Fibra<\/p>\n<p>Ferramenta para corte longitudinal do tubo loose proporcionando acesso \u00e0 fibra \u00f3ptica sem a necessidade de romp\u00ea-la.<\/p>\n<p>Utilizado no processo de sangria de cabos de fibra \u00f3ptica. \u00c9 uma ferramenta eficiente e indispens\u00e1vel para o corte longitudinal de tubos loose, possibilitando o acesso \u00e0 fibra para deriva\u00e7\u00e3o, sem necessidade de cortar todas as fibras do cabo e, consequentemente, sem precisar fazer todas as fus\u00f5es.<\/p>\n<p>Cavidades :<br \/>\n1.5 ~ 1.9mm<br \/>\n2.0 ~ 2.4mm<br \/>\n2.5 ~ 2.9mm<br \/>\n3.0 ~ 3.3mm<\/p>\n<p>Caracter\u00edsticas T\u00e9cnicas<\/p>\n<p>Para cabos de Fibra \u00d3ptica com di\u00e2metros de 1,5 mm a 3,3 mm<\/p>\n","protected":false},"featured_media":5373,"comment_status":"open","ping_status":"closed","template":"","meta":{"_joinchat":[]},"product_brand":[],"product_cat":[73],"product_tag":[],"class_list":{"0":"post-5372","1":"product","2":"type-product","3":"status-publish","4":"has-post-thumbnail","6":"product_cat-fibra","8":"first","9":"instock","10":"shipping-taxable","11":"product-type-simple"},"_links":{"self":[{"href":"https:\/\/telfio.com.br\/index.php?rest_route=\/wp\/v2\/product\/5372","targetHints":{"allow":["GET"]}}],"collection":[{"href":"https:\/\/telfio.com.br\/index.php?rest_route=\/wp\/v2\/product"}],"about":[{"href":"https:\/\/telfio.com.br\/index.php?rest_route=\/wp\/v2\/types\/product"}],"replies":[{"embeddable":true,"href":"https:\/\/telfio.com.br\/index.php?rest_route=%2Fwp%2Fv2%2Fcomments&post=5372"}],"wp:featuredmedia":[{"embeddable":true,"href":"https:\/\/telfio.com.br\/index.php?rest_route=\/wp\/v2\/media\/5373"}],"wp:attachment":[{"href":"https:\/\/telfio.com.br\/index.php?rest_route=%2Fwp%2Fv2%2Fmedia&parent=5372"}],"wp:term":[{"taxonomy":"product_brand","embeddable":true,"href":"https:\/\/telfio.com.br\/index.php?rest_route=%2Fwp%2Fv2%2Fproduct_brand&post=5372"},{"taxonomy":"product_cat","embeddable":true,"href":"https:\/\/telfio.com.br\/index.php?rest_route=%2Fwp%2Fv2%2Fproduct_cat&post=5372"},{"taxonomy":"product_tag","embeddable":true,"href":"https:\/\/telfio.com.br\/index.php?rest_route=%2Fwp%2Fv2%2Fproduct_tag&post=5372"}],"curies":[{"name":"wp","href":"https:\/\/api.w.org\/{rel}","templated":true}]}}