{"id":5367,"date":"2024-09-30T15:11:07","date_gmt":"2024-09-30T18:11:07","guid":{"rendered":"https:\/\/telfio.com.br\/?post_type=product&#038;p=5367"},"modified":"2024-09-30T15:11:07","modified_gmt":"2024-09-30T18:11:07","slug":"cabo-fibra-as-80-12-fo","status":"publish","type":"product","link":"https:\/\/telfio.com.br\/?product=cabo-fibra-as-80-12-fo","title":{"rendered":"Cabo fibra AS 80 12 fo"},"content":{"rendered":"","protected":false},"excerpt":{"rendered":"<p>O cabo \u00f3ptico auto-sustentados de 12 fibras, para v\u00e3os de at\u00e9 80 metros. As fibras s\u00e3o posicionadas em um tubo loose cheio de gel para proteg\u00ea-las da a\u00e7\u00e3o da \u00e1gua. O cabo conta com uma camada de prote\u00e7\u00e3o composta por fios de aramida e tem em seu revestimento uma capa de polietileno de excelente qualidade.<\/p>\n<p><strong>Detalhes<\/strong><\/p>\n<ul>\n<li>FRP ( Elemento de for\u00e7a central);<\/li>\n<li>Gel de enchimento do tubo Loose;<\/li>\n<li>Tubos Loose coloridos para melhor identifica\u00e7\u00e3o dos grupos;<\/li>\n<li>Capa de Polietileno (PE) para utiliza\u00e7\u00e3o Outdoor com prote\u00e7\u00e3o ultavioleta;<\/li>\n<li>Fio de aramida para fornecer ao cabo Resist\u00eancia contra esfor\u00e7o de tra\u00e7\u00e3o.<\/li>\n<\/ul>\n<p><strong>Estrutura do Cabo<\/strong><\/p>\n<ul>\n<li>N\u00famero de Fibras: 12 N\u00facleos;<\/li>\n<li>Tubo Loose e elementos de enchimento: Di\u00e2metro \u04242.2mm+-0.2mm \u2013 Material PBT;<\/li>\n<li>Elemento Central de For\u00e7a: Di\u00e2metro 2.0mm+-0.2mm \u2013 Material FRP;<\/li>\n<li>Capa Externa: Di\u00e2metro 1.8\u00b10.2mm \u2013 Material PE;<\/li>\n<\/ul>\n","protected":false},"featured_media":5368,"comment_status":"open","ping_status":"closed","template":"","meta":{"_joinchat":[]},"product_brand":[],"product_cat":[73],"product_tag":[],"class_list":{"0":"post-5367","1":"product","2":"type-product","3":"status-publish","4":"has-post-thumbnail","6":"product_cat-fibra","8":"first","9":"instock","10":"shipping-taxable","11":"product-type-simple"},"_links":{"self":[{"href":"https:\/\/telfio.com.br\/index.php?rest_route=\/wp\/v2\/product\/5367","targetHints":{"allow":["GET"]}}],"collection":[{"href":"https:\/\/telfio.com.br\/index.php?rest_route=\/wp\/v2\/product"}],"about":[{"href":"https:\/\/telfio.com.br\/index.php?rest_route=\/wp\/v2\/types\/product"}],"replies":[{"embeddable":true,"href":"https:\/\/telfio.com.br\/index.php?rest_route=%2Fwp%2Fv2%2Fcomments&post=5367"}],"wp:featuredmedia":[{"embeddable":true,"href":"https:\/\/telfio.com.br\/index.php?rest_route=\/wp\/v2\/media\/5368"}],"wp:attachment":[{"href":"https:\/\/telfio.com.br\/index.php?rest_route=%2Fwp%2Fv2%2Fmedia&parent=5367"}],"wp:term":[{"taxonomy":"product_brand","embeddable":true,"href":"https:\/\/telfio.com.br\/index.php?rest_route=%2Fwp%2Fv2%2Fproduct_brand&post=5367"},{"taxonomy":"product_cat","embeddable":true,"href":"https:\/\/telfio.com.br\/index.php?rest_route=%2Fwp%2Fv2%2Fproduct_cat&post=5367"},{"taxonomy":"product_tag","embeddable":true,"href":"https:\/\/telfio.com.br\/index.php?rest_route=%2Fwp%2Fv2%2Fproduct_tag&post=5367"}],"curies":[{"name":"wp","href":"https:\/\/api.w.org\/{rel}","templated":true}]}}