{"id":5359,"date":"2024-09-30T11:44:11","date_gmt":"2024-09-30T14:44:11","guid":{"rendered":"https:\/\/telfio.com.br\/?post_type=product&#038;p=5359"},"modified":"2024-09-30T11:44:11","modified_gmt":"2024-09-30T14:44:11","slug":"cabo-fibra-optica-as-80-06-fo","status":"publish","type":"product","link":"https:\/\/telfio.com.br\/?product=cabo-fibra-optica-as-80-06-fo","title":{"rendered":"Cabo fibra Optica AS 80 06 fo"},"content":{"rendered":"","protected":false},"excerpt":{"rendered":"<p>O cabo \u00f3ptico diel\u00e9trico autossustentado ASU possui fibras tipo Monomodo G.652D, revestimento externo em material termopl\u00e1stico com baixa emiss\u00e3o de fuma\u00e7a, prote\u00e7\u00e3o UV e \u00edndice de toxidez reduzido (Classe HDPE). Ideal para instala\u00e7\u00f5es externas. As fibras est\u00e3o dispostas em um tubo loose central geleado. Seus dois elementos de tra\u00e7\u00e3o de fibra refor\u00e7ada com pl\u00e1stico (FRP) oferecem excelente sustenta\u00e7\u00e3o e resist\u00eancia \u00e0 tra\u00e7\u00e3o. Por ser um cabo autossustentado \u00e9 indicado para instala\u00e7\u00f5es a\u00e9reas com v\u00e3os de at\u00e9 80m.<\/p>\n<p>Sua estrutura diel\u00e9trica permite maior prote\u00e7\u00e3o contra descargas el\u00e9tricas e interfer\u00eancias externas.<\/p>\n<ul>\n<li><strong>Aplica\u00e7\u00e3o:<\/strong>\u00a0Ambientes Externos, redes a\u00e9reas urbanas e rurais<\/li>\n<li><strong>Temperatura de opera\u00e7\u00e3o:<\/strong>\u00a0-20\u00b0C ~+65\u00b0C.<\/li>\n<li><strong>Bloqueadora de \u00e1gua:<\/strong>\u00a0Previne a penetra\u00e7\u00e3o de \u00e1gua e umidade<\/li>\n<li><strong>Gel de preenchimento especial no tubo loose:<\/strong>\u00a0Reduz as perdas por reflex\u00e3o e protege as fibras contra a \u00e1gua<\/li>\n<li><strong>Estrutura diel\u00e9trica:<\/strong>\u00a0Elimina efeito indu\u00e7\u00e3o eletromagn\u00e9tica<\/li>\n<li><strong>Vida \u00fatil:<\/strong>\u00a0Superior a 20 anos<\/li>\n<\/ul>\n","protected":false},"featured_media":5360,"comment_status":"open","ping_status":"closed","template":"","meta":{"_joinchat":[]},"product_brand":[],"product_cat":[73],"product_tag":[],"class_list":{"0":"post-5359","1":"product","2":"type-product","3":"status-publish","4":"has-post-thumbnail","6":"product_cat-fibra","8":"first","9":"instock","10":"shipping-taxable","11":"product-type-simple"},"_links":{"self":[{"href":"https:\/\/telfio.com.br\/index.php?rest_route=\/wp\/v2\/product\/5359","targetHints":{"allow":["GET"]}}],"collection":[{"href":"https:\/\/telfio.com.br\/index.php?rest_route=\/wp\/v2\/product"}],"about":[{"href":"https:\/\/telfio.com.br\/index.php?rest_route=\/wp\/v2\/types\/product"}],"replies":[{"embeddable":true,"href":"https:\/\/telfio.com.br\/index.php?rest_route=%2Fwp%2Fv2%2Fcomments&post=5359"}],"wp:featuredmedia":[{"embeddable":true,"href":"https:\/\/telfio.com.br\/index.php?rest_route=\/wp\/v2\/media\/5360"}],"wp:attachment":[{"href":"https:\/\/telfio.com.br\/index.php?rest_route=%2Fwp%2Fv2%2Fmedia&parent=5359"}],"wp:term":[{"taxonomy":"product_brand","embeddable":true,"href":"https:\/\/telfio.com.br\/index.php?rest_route=%2Fwp%2Fv2%2Fproduct_brand&post=5359"},{"taxonomy":"product_cat","embeddable":true,"href":"https:\/\/telfio.com.br\/index.php?rest_route=%2Fwp%2Fv2%2Fproduct_cat&post=5359"},{"taxonomy":"product_tag","embeddable":true,"href":"https:\/\/telfio.com.br\/index.php?rest_route=%2Fwp%2Fv2%2Fproduct_tag&post=5359"}],"curies":[{"name":"wp","href":"https:\/\/api.w.org\/{rel}","templated":true}]}}