{"id":5356,"date":"2024-09-30T11:35:11","date_gmt":"2024-09-30T14:35:11","guid":{"rendered":"https:\/\/telfio.com.br\/?post_type=product&#038;p=5356"},"modified":"2024-09-30T11:35:12","modified_gmt":"2024-09-30T14:35:12","slug":"alicate-decapador-fibra-optica","status":"publish","type":"product","link":"https:\/\/telfio.com.br\/?product=alicate-decapador-fibra-optica","title":{"rendered":"Alicate Decapador Fibra Optica"},"content":{"rendered":"","protected":false},"excerpt":{"rendered":"<p>Decapador de Fibra \u00d3ptica<br \/>\nDecapa acrilato, buffer e cord\u00e3o de fibra \u00f3ptica<br \/>\nUtilizado pelas equipes de manuten\u00e7\u00e3o e instala\u00e7\u00e3o para remover as camadas de prote\u00e7\u00e3o da fibra \u00f3ptica pra realiza\u00e7\u00e3o de emendas de fibras \u00f3pticas por fus\u00e3o ou conectoriza\u00e7\u00e3o de cabo \u00f3pticos utilizando fast connector.<\/p>\n","protected":false},"featured_media":5357,"comment_status":"open","ping_status":"closed","template":"","meta":{"_joinchat":[]},"product_brand":[],"product_cat":[73],"product_tag":[],"class_list":{"0":"post-5356","1":"product","2":"type-product","3":"status-publish","4":"has-post-thumbnail","6":"product_cat-fibra","8":"first","9":"instock","10":"shipping-taxable","11":"product-type-simple"},"_links":{"self":[{"href":"https:\/\/telfio.com.br\/index.php?rest_route=\/wp\/v2\/product\/5356","targetHints":{"allow":["GET"]}}],"collection":[{"href":"https:\/\/telfio.com.br\/index.php?rest_route=\/wp\/v2\/product"}],"about":[{"href":"https:\/\/telfio.com.br\/index.php?rest_route=\/wp\/v2\/types\/product"}],"replies":[{"embeddable":true,"href":"https:\/\/telfio.com.br\/index.php?rest_route=%2Fwp%2Fv2%2Fcomments&post=5356"}],"wp:featuredmedia":[{"embeddable":true,"href":"https:\/\/telfio.com.br\/index.php?rest_route=\/wp\/v2\/media\/5357"}],"wp:attachment":[{"href":"https:\/\/telfio.com.br\/index.php?rest_route=%2Fwp%2Fv2%2Fmedia&parent=5356"}],"wp:term":[{"taxonomy":"product_brand","embeddable":true,"href":"https:\/\/telfio.com.br\/index.php?rest_route=%2Fwp%2Fv2%2Fproduct_brand&post=5356"},{"taxonomy":"product_cat","embeddable":true,"href":"https:\/\/telfio.com.br\/index.php?rest_route=%2Fwp%2Fv2%2Fproduct_cat&post=5356"},{"taxonomy":"product_tag","embeddable":true,"href":"https:\/\/telfio.com.br\/index.php?rest_route=%2Fwp%2Fv2%2Fproduct_tag&post=5356"}],"curies":[{"name":"wp","href":"https:\/\/api.w.org\/{rel}","templated":true}]}}