{"id":5349,"date":"2024-09-30T11:12:06","date_gmt":"2024-09-30T14:12:06","guid":{"rendered":"https:\/\/telfio.com.br\/?post_type=product&#038;p=5349"},"modified":"2024-09-30T11:12:06","modified_gmt":"2024-09-30T14:12:06","slug":"power-meter","status":"publish","type":"product","link":"https:\/\/telfio.com.br\/?product=power-meter","title":{"rendered":"Power Meter"},"content":{"rendered":"","protected":false},"excerpt":{"rendered":"<p>Optical Power Meter<br \/>\nMedidor de pot\u00eancia de fibra \u00f3ptica para CCTV CATV e FTTHPower Meter &#8211; Medidor de pot\u00eancia \u00f3ptica<br \/>\nO power meter \u00e9 um medidor de pot\u00eancia \u00f3ptica port\u00e1til, utilizado para medir pot\u00eancia e perda relativa em redes<br \/>\nde fibra \u00f3ptica ponto-a-ponto ou ponto-multiponto. Foi desenvolvido para atender uma vasta gama de medi\u00e7\u00e3o de<br \/>\npot\u00eancia, garantindo alta precis\u00e3o.<br \/>\nDados T\u00e9cnicos:<br \/>\nConectores: FC\/SC<br \/>\nRange de Pot\u00eancia: -70 ~ +3 dBm<br \/>\nComprimento de Onda (nm): 850\/980\/1300\/1310\/1490\/1550\/1625<br \/>\nTemperatura de Trabalho: -10 ~ 60\u00b0C<br \/>\nTemperatura de Armazenamento: -25 ~ 70\u00b0C<br \/>\nDura\u00e7\u00e3o da bateria: 24 horas<br \/>\nDimens\u00f5es: 180x83x28 mm<\/p>\n","protected":false},"featured_media":5351,"comment_status":"open","ping_status":"closed","template":"","meta":{"_joinchat":[]},"product_brand":[],"product_cat":[73],"product_tag":[],"class_list":{"0":"post-5349","1":"product","2":"type-product","3":"status-publish","4":"has-post-thumbnail","6":"product_cat-fibra","8":"first","9":"instock","10":"shipping-taxable","11":"product-type-simple"},"_links":{"self":[{"href":"https:\/\/telfio.com.br\/index.php?rest_route=\/wp\/v2\/product\/5349","targetHints":{"allow":["GET"]}}],"collection":[{"href":"https:\/\/telfio.com.br\/index.php?rest_route=\/wp\/v2\/product"}],"about":[{"href":"https:\/\/telfio.com.br\/index.php?rest_route=\/wp\/v2\/types\/product"}],"replies":[{"embeddable":true,"href":"https:\/\/telfio.com.br\/index.php?rest_route=%2Fwp%2Fv2%2Fcomments&post=5349"}],"wp:featuredmedia":[{"embeddable":true,"href":"https:\/\/telfio.com.br\/index.php?rest_route=\/wp\/v2\/media\/5351"}],"wp:attachment":[{"href":"https:\/\/telfio.com.br\/index.php?rest_route=%2Fwp%2Fv2%2Fmedia&parent=5349"}],"wp:term":[{"taxonomy":"product_brand","embeddable":true,"href":"https:\/\/telfio.com.br\/index.php?rest_route=%2Fwp%2Fv2%2Fproduct_brand&post=5349"},{"taxonomy":"product_cat","embeddable":true,"href":"https:\/\/telfio.com.br\/index.php?rest_route=%2Fwp%2Fv2%2Fproduct_cat&post=5349"},{"taxonomy":"product_tag","embeddable":true,"href":"https:\/\/telfio.com.br\/index.php?rest_route=%2Fwp%2Fv2%2Fproduct_tag&post=5349"}],"curies":[{"name":"wp","href":"https:\/\/api.w.org\/{rel}","templated":true}]}}