{"id":5319,"date":"2024-09-29T12:35:12","date_gmt":"2024-09-29T15:35:12","guid":{"rendered":"https:\/\/telfio.com.br\/?post_type=product&#038;p=5319"},"modified":"2024-09-30T10:49:23","modified_gmt":"2024-09-30T13:49:23","slug":"suporte-dieletrico-universal","status":"publish","type":"product","link":"https:\/\/telfio.com.br\/?product=suporte-dieletrico-universal","title":{"rendered":"Suporte Diel\u00e9trico Universal"},"content":{"rendered":"<p>teste<\/p>\n","protected":false},"excerpt":{"rendered":"<ul>\n<li>Durabilidade<\/li>\n<li>Econ\u00f4mico<\/li>\n<li>Agilidade<\/li>\n<li>Paga menos aluguel no espa\u00e7o do poste<\/li>\n<li>Suporte para cabo \u00f3ptico<\/li>\n<li>O SUPA \u00e9 produzido em polipropileno com carga de fibra, leve e resistente aos raios UV<\/li>\n<\/ul>\n<p>1 &#8211; Fixa\u00e7\u00e3o da bra\u00e7adeira BAP<\/p>\n<p>Dimens\u00f5es: 55mm de altura, 40mm de largura e 7mm de espessura<\/p>\n<p>2 &#8211; Al\u00e7a Pr\u00e9-formada<\/p>\n<p>Di\u00e2metro de 36mm, para at\u00e9 3 al\u00e7as ou la\u00e7os Pr\u00e9-formados<\/p>\n<p>3 &#8211; Ancoragem e Drop<\/p>\n<p>Acomoda ancoragem e dropes \u00f3pticos com di\u00e2metro de 20mm na parte superior<\/p>\n<p>4 &#8211; Passagem para cabo \u00f3ptico<\/p>\n<p>Suporta passagem dupla de cabo \u00f3ptico de 6 a 13mm, na parte inferior.<\/p>\n<p>Economia e praticidade em um s\u00f3 produto !<\/p>\n<p>&nbsp;<\/p>\n","protected":false},"featured_media":5267,"comment_status":"open","ping_status":"closed","template":"","meta":{"_joinchat":[]},"product_brand":[],"product_cat":[17],"product_tag":[],"class_list":{"0":"post-5319","1":"product","2":"type-product","3":"status-publish","4":"has-post-thumbnail","6":"product_cat-injetados","8":"first","9":"instock","10":"shipping-taxable","11":"product-type-simple"},"_links":{"self":[{"href":"https:\/\/telfio.com.br\/index.php?rest_route=\/wp\/v2\/product\/5319","targetHints":{"allow":["GET"]}}],"collection":[{"href":"https:\/\/telfio.com.br\/index.php?rest_route=\/wp\/v2\/product"}],"about":[{"href":"https:\/\/telfio.com.br\/index.php?rest_route=\/wp\/v2\/types\/product"}],"replies":[{"embeddable":true,"href":"https:\/\/telfio.com.br\/index.php?rest_route=%2Fwp%2Fv2%2Fcomments&post=5319"}],"wp:featuredmedia":[{"embeddable":true,"href":"https:\/\/telfio.com.br\/index.php?rest_route=\/wp\/v2\/media\/5267"}],"wp:attachment":[{"href":"https:\/\/telfio.com.br\/index.php?rest_route=%2Fwp%2Fv2%2Fmedia&parent=5319"}],"wp:term":[{"taxonomy":"product_brand","embeddable":true,"href":"https:\/\/telfio.com.br\/index.php?rest_route=%2Fwp%2Fv2%2Fproduct_brand&post=5319"},{"taxonomy":"product_cat","embeddable":true,"href":"https:\/\/telfio.com.br\/index.php?rest_route=%2Fwp%2Fv2%2Fproduct_cat&post=5319"},{"taxonomy":"product_tag","embeddable":true,"href":"https:\/\/telfio.com.br\/index.php?rest_route=%2Fwp%2Fv2%2Fproduct_tag&post=5319"}],"curies":[{"name":"wp","href":"https:\/\/api.w.org\/{rel}","templated":true}]}}