{"id":5314,"date":"2024-09-29T12:23:10","date_gmt":"2024-09-29T15:23:10","guid":{"rendered":"https:\/\/telfio.com.br\/?post_type=product&#038;p=5314"},"modified":"2024-10-10T11:37:21","modified_gmt":"2024-10-10T14:37:21","slug":"opt-10-gota-com-ki","status":"publish","type":"product","link":"https:\/\/telfio.com.br\/?product=opt-10-gota-com-ki","title":{"rendered":"SUPORTE RESERVA TECNICA OPTILOOP RAQUETE"},"content":{"rendered":"","protected":false},"excerpt":{"rendered":"<ul>\n<li>Suporte Reserva T\u00e9cnica Optiloop Raquete Fibra \u00d3ptica<\/li>\n<li>Reserva t\u00e9cnica completa para armazenamento de reserva de cabo \u00f3ptico em cordoalha<\/li>\n<li>O cabo \u00f3ptico \u00e9 preso a reserva atrav\u00e9s de bra\u00e7adeiras de a\u00e7o inoxid\u00e1vel<\/li>\n<li>A reserva e presa a cordoalha atrav\u00e9s do suporte tap bracket<\/li>\n<li>Suporte para armazenamento de uma reserva de cabo de fibra \u00f3ptica<\/li>\n<li>Protege o cabo mantendo-o a uma dist\u00e2ncia segura de outros materiais, proporcionado melhor disposi\u00e7\u00e3o das reservas de cabos e uma f\u00e1cil localiza\u00e7\u00e3o das mesmas<\/li>\n<li>Previne dobras no cabo. Fabricado em nylon com protetor contra a radia\u00e7\u00e3o ultravioleta, proporciona rigidez, leveza e durabilidade<\/li>\n<li>Dados T\u00e9cnicos<br \/>\nComprimento: 690mm<br \/>\nLargura: 370mm<\/li>\n<\/ul>\n","protected":false},"featured_media":5262,"comment_status":"open","ping_status":"closed","template":"","meta":{"_joinchat":[]},"product_brand":[],"product_cat":[17],"product_tag":[],"class_list":{"0":"post-5314","1":"product","2":"type-product","3":"status-publish","4":"has-post-thumbnail","6":"product_cat-injetados","8":"first","9":"instock","10":"shipping-taxable","11":"product-type-simple"},"_links":{"self":[{"href":"https:\/\/telfio.com.br\/index.php?rest_route=\/wp\/v2\/product\/5314","targetHints":{"allow":["GET"]}}],"collection":[{"href":"https:\/\/telfio.com.br\/index.php?rest_route=\/wp\/v2\/product"}],"about":[{"href":"https:\/\/telfio.com.br\/index.php?rest_route=\/wp\/v2\/types\/product"}],"replies":[{"embeddable":true,"href":"https:\/\/telfio.com.br\/index.php?rest_route=%2Fwp%2Fv2%2Fcomments&post=5314"}],"wp:featuredmedia":[{"embeddable":true,"href":"https:\/\/telfio.com.br\/index.php?rest_route=\/wp\/v2\/media\/5262"}],"wp:attachment":[{"href":"https:\/\/telfio.com.br\/index.php?rest_route=%2Fwp%2Fv2%2Fmedia&parent=5314"}],"wp:term":[{"taxonomy":"product_brand","embeddable":true,"href":"https:\/\/telfio.com.br\/index.php?rest_route=%2Fwp%2Fv2%2Fproduct_brand&post=5314"},{"taxonomy":"product_cat","embeddable":true,"href":"https:\/\/telfio.com.br\/index.php?rest_route=%2Fwp%2Fv2%2Fproduct_cat&post=5314"},{"taxonomy":"product_tag","embeddable":true,"href":"https:\/\/telfio.com.br\/index.php?rest_route=%2Fwp%2Fv2%2Fproduct_tag&post=5314"}],"curies":[{"name":"wp","href":"https:\/\/api.w.org\/{rel}","templated":true}]}}