{"id":5312,"date":"2024-09-29T12:19:11","date_gmt":"2024-09-29T15:19:11","guid":{"rendered":"https:\/\/telfio.com.br\/?post_type=product&#038;p=5312"},"modified":"2024-10-03T08:52:50","modified_gmt":"2024-10-03T11:52:50","slug":"kit-dm-4-vias","status":"publish","type":"product","link":"https:\/\/telfio.com.br\/?product=kit-dm-4-vias","title":{"rendered":"Kit DM 4 vias"},"content":{"rendered":"","protected":false},"excerpt":{"rendered":"<ul>\n<li>Kit Suporte DM com Roldana 4 Vias preta e Parafuso PR90<br \/>\n24067<\/li>\n<li>Indicado para passagem de fios externos em postes circulares, junto ao uso de uma fita inoxid\u00e1vel ou fechamento por meio de parafusos e buchas<\/li>\n<li>Dessa forma, o suporte sustenta a roldana pl\u00e1stica de 4 vias, facilitando a sustenta\u00e7\u00e3o de fios, cabos e drops<\/li>\n<li>Utilizado principalmente em fios de fibra \u00f3ptica, met\u00e1licos ou de telecom<\/li>\n<li>A roldana \u00e9 fabricada em material pl\u00e1stico com prote\u00e7\u00e3o anti-UV<\/li>\n<li>A roldana \u00e9 afixada no suporte DM por um parafuso PR-90. Esse tipo de parafuso com cabe\u00e7a e porca quadrada possui uma rosca parcial sendo na medida certa para utilizar a roldana de 4 vias.<\/li>\n<\/ul>\n<p>&nbsp;<\/p>\n","protected":false},"featured_media":5261,"comment_status":"open","ping_status":"closed","template":"","meta":{"_joinchat":[]},"product_brand":[],"product_cat":[20],"product_tag":[],"class_list":{"0":"post-5312","1":"product","2":"type-product","3":"status-publish","4":"has-post-thumbnail","6":"product_cat-ferragens","8":"first","9":"instock","10":"shipping-taxable","11":"product-type-simple"},"_links":{"self":[{"href":"https:\/\/telfio.com.br\/index.php?rest_route=\/wp\/v2\/product\/5312","targetHints":{"allow":["GET"]}}],"collection":[{"href":"https:\/\/telfio.com.br\/index.php?rest_route=\/wp\/v2\/product"}],"about":[{"href":"https:\/\/telfio.com.br\/index.php?rest_route=\/wp\/v2\/types\/product"}],"replies":[{"embeddable":true,"href":"https:\/\/telfio.com.br\/index.php?rest_route=%2Fwp%2Fv2%2Fcomments&post=5312"}],"wp:featuredmedia":[{"embeddable":true,"href":"https:\/\/telfio.com.br\/index.php?rest_route=\/wp\/v2\/media\/5261"}],"wp:attachment":[{"href":"https:\/\/telfio.com.br\/index.php?rest_route=%2Fwp%2Fv2%2Fmedia&parent=5312"}],"wp:term":[{"taxonomy":"product_brand","embeddable":true,"href":"https:\/\/telfio.com.br\/index.php?rest_route=%2Fwp%2Fv2%2Fproduct_brand&post=5312"},{"taxonomy":"product_cat","embeddable":true,"href":"https:\/\/telfio.com.br\/index.php?rest_route=%2Fwp%2Fv2%2Fproduct_cat&post=5312"},{"taxonomy":"product_tag","embeddable":true,"href":"https:\/\/telfio.com.br\/index.php?rest_route=%2Fwp%2Fv2%2Fproduct_tag&post=5312"}],"curies":[{"name":"wp","href":"https:\/\/api.w.org\/{rel}","templated":true}]}}