{"id":5303,"date":"2024-09-29T10:55:47","date_gmt":"2024-09-29T13:55:47","guid":{"rendered":"https:\/\/telfio.com.br\/?post_type=product&#038;p=5303"},"modified":"2024-10-03T13:42:16","modified_gmt":"2024-10-03T16:42:16","slug":"esticador-cunha","status":"publish","type":"product","link":"https:\/\/telfio.com.br\/?product=esticador-cunha","title":{"rendered":"Esticador Cunha"},"content":{"rendered":"","protected":false},"excerpt":{"rendered":"<p>Esticador tipo Cunha para Cabo Drop \u00e9 um acess\u00f3rio indispens\u00e1vel para o lan\u00e7amento de cabo \u00f3ptico Mini DROP Compacto (flat). Pr\u00e1tico, leve e f\u00e1cil de instalar. Possui ganho de metal para prender ao anel guia e Roldana E corpo em pl\u00e1stico injetado para fixar o cabo do assinante ao poste sem esmagamento dos condutores internos Pr\u00e1tico, leve e f\u00e1cil de instalar.<\/p>\n","protected":false},"featured_media":5469,"comment_status":"open","ping_status":"closed","template":"","meta":{"_joinchat":[]},"product_brand":[],"product_cat":[17],"product_tag":[],"class_list":{"0":"post-5303","1":"product","2":"type-product","3":"status-publish","4":"has-post-thumbnail","6":"product_cat-injetados","8":"first","9":"instock","10":"shipping-taxable","11":"product-type-simple"},"_links":{"self":[{"href":"https:\/\/telfio.com.br\/index.php?rest_route=\/wp\/v2\/product\/5303","targetHints":{"allow":["GET"]}}],"collection":[{"href":"https:\/\/telfio.com.br\/index.php?rest_route=\/wp\/v2\/product"}],"about":[{"href":"https:\/\/telfio.com.br\/index.php?rest_route=\/wp\/v2\/types\/product"}],"replies":[{"embeddable":true,"href":"https:\/\/telfio.com.br\/index.php?rest_route=%2Fwp%2Fv2%2Fcomments&post=5303"}],"wp:featuredmedia":[{"embeddable":true,"href":"https:\/\/telfio.com.br\/index.php?rest_route=\/wp\/v2\/media\/5469"}],"wp:attachment":[{"href":"https:\/\/telfio.com.br\/index.php?rest_route=%2Fwp%2Fv2%2Fmedia&parent=5303"}],"wp:term":[{"taxonomy":"product_brand","embeddable":true,"href":"https:\/\/telfio.com.br\/index.php?rest_route=%2Fwp%2Fv2%2Fproduct_brand&post=5303"},{"taxonomy":"product_cat","embeddable":true,"href":"https:\/\/telfio.com.br\/index.php?rest_route=%2Fwp%2Fv2%2Fproduct_cat&post=5303"},{"taxonomy":"product_tag","embeddable":true,"href":"https:\/\/telfio.com.br\/index.php?rest_route=%2Fwp%2Fv2%2Fproduct_tag&post=5303"}],"curies":[{"name":"wp","href":"https:\/\/api.w.org\/{rel}","templated":true}]}}