{"id":5299,"date":"2024-09-29T10:47:18","date_gmt":"2024-09-29T13:47:18","guid":{"rendered":"https:\/\/telfio.com.br\/?post_type=product&#038;p=5299"},"modified":"2024-09-29T10:47:48","modified_gmt":"2024-09-29T13:47:48","slug":"cto-mtt-16-portas","status":"publish","type":"product","link":"https:\/\/telfio.com.br\/?product=cto-mtt-16-portas","title":{"rendered":"CTO MTT 16 Portas"},"content":{"rendered":"","protected":false},"excerpt":{"rendered":"<ul>\n<li>Caixa de Termina\u00e7\u00e3o \u00f3ptica 16 portas<\/li>\n<li>Aplica\u00e7\u00e3o em redes \u00f3pticas de distribui\u00e7\u00e3o, tendo como designo acomodar e proteger emendas \u00f3pticas por fus\u00e3o entre os cabos<\/li>\n<li>Utilizando fus\u00e3o com splitters, direta ou adaptadores \u00f3pticos<\/li>\n<li>Fun\u00e7\u00e3o auxiliar, aceita tamb\u00e9m a deriva\u00e7\u00e3o de cabos visando \u00e0 continuidade da rede<\/li>\n<li>A caixa de termina\u00e7\u00e3o \u00f3ptica 16 portas possibilita o uso tanto de sistema de emendas como de conectoriza\u00e7\u00e3o<\/li>\n<li>Fechamento e veda\u00e7\u00e3o da caixa por sistema mec\u00e2nico, que utiliza somente 2 presilhas, o que aumenta a velocidade de instala\u00e7\u00e3o<\/li>\n<li>Porta quadrada com 5 orif\u00edcios, permite a sagria do cabo principal e tamb\u00e9m a de deriva\u00e7\u00e3o<\/li>\n<li>Possibilidade de fechamento com cadeado, que aumenta a seguran\u00e7a<\/li>\n<li>Possui sistema de reserva de tubos \u201cloose&#8221;, e sistema de acomoda\u00e7\u00e3o, armazenamento, encaminhamento e prote\u00e7\u00e3o de fibras em ambiente separado dos cabos drop<\/li>\n<li>COR &#8211; Preta<\/li>\n<li>Material \u00e9 a base, suporte de fixa\u00e7\u00e3o, tampa e presilhas de fechamento injetadas em pl\u00e1stico de engenharia com aditivo Anti-UV na cor preta<\/li>\n<li>Bandejas internas de acomoda\u00e7\u00e3o dos splitters e adaptadores injetadas em pl\u00e1stico de engenharia na cor branca<\/li>\n<li>Bandejas de fus\u00e3o interna injetadas em pl\u00e1stico de engenharia na cor preta.<\/li>\n<\/ul>\n","protected":false},"featured_media":5256,"comment_status":"open","ping_status":"closed","template":"","meta":{"_joinchat":[]},"product_brand":[],"product_cat":[17],"product_tag":[],"class_list":{"0":"post-5299","1":"product","2":"type-product","3":"status-publish","4":"has-post-thumbnail","6":"product_cat-injetados","8":"first","9":"instock","10":"shipping-taxable","11":"product-type-simple"},"_links":{"self":[{"href":"https:\/\/telfio.com.br\/index.php?rest_route=\/wp\/v2\/product\/5299","targetHints":{"allow":["GET"]}}],"collection":[{"href":"https:\/\/telfio.com.br\/index.php?rest_route=\/wp\/v2\/product"}],"about":[{"href":"https:\/\/telfio.com.br\/index.php?rest_route=\/wp\/v2\/types\/product"}],"replies":[{"embeddable":true,"href":"https:\/\/telfio.com.br\/index.php?rest_route=%2Fwp%2Fv2%2Fcomments&post=5299"}],"wp:featuredmedia":[{"embeddable":true,"href":"https:\/\/telfio.com.br\/index.php?rest_route=\/wp\/v2\/media\/5256"}],"wp:attachment":[{"href":"https:\/\/telfio.com.br\/index.php?rest_route=%2Fwp%2Fv2%2Fmedia&parent=5299"}],"wp:term":[{"taxonomy":"product_brand","embeddable":true,"href":"https:\/\/telfio.com.br\/index.php?rest_route=%2Fwp%2Fv2%2Fproduct_brand&post=5299"},{"taxonomy":"product_cat","embeddable":true,"href":"https:\/\/telfio.com.br\/index.php?rest_route=%2Fwp%2Fv2%2Fproduct_cat&post=5299"},{"taxonomy":"product_tag","embeddable":true,"href":"https:\/\/telfio.com.br\/index.php?rest_route=%2Fwp%2Fv2%2Fproduct_tag&post=5299"}],"curies":[{"name":"wp","href":"https:\/\/api.w.org\/{rel}","templated":true}]}}