{"id":5298,"date":"2024-09-29T10:41:25","date_gmt":"2024-09-29T13:41:25","guid":{"rendered":"https:\/\/telfio.com.br\/?post_type=product&#038;p=5298"},"modified":"2024-09-29T10:41:25","modified_gmt":"2024-09-29T13:41:25","slug":"laco-preformado-1","status":"publish","type":"product","link":"https:\/\/telfio.com.br\/?product=laco-preformado-1","title":{"rendered":"Laco Preformado 1"},"content":{"rendered":"","protected":false},"excerpt":{"rendered":"<ul>\n<li>La\u00e7o Pr\u00e9-formado Lateral (LPL\/C,F,J,K)<\/li>\n<li>Destina-se \u00e0 fixa\u00e7\u00e3o do cabo condutor CA\/CAA no \u201cpesco\u00e7o\u201d do isolador de pino<\/li>\n<li>Fabricado a partir de fios de a\u00e7o galvanizado ou a\u00e7o galvanizado revestido de alum\u00ednio<\/li>\n<li>Deve ser indicado com as letras &#8220;RA&#8221; ap\u00f3s o c\u00f3digo principal<\/li>\n<li>Pode tamb\u00e9m ser fabricado em a\u00e7o galvanizado revestido de cobre, recebendo as letras \\\\\\&#8221;RC\\\\\\&#8221; ap\u00f3s o c\u00f3digo principal ou em liga de cobre<\/li>\n<li>Indicando o n\u00famero 3 no lugar do primeiro digito<\/li>\n<li>Recebe na parte interna um material abrasivo para melhorar o agarramento sobre o cabo<\/li>\n<li>Para ser utilizado no condutor nu, \u00e9 fornecido juntamente o coxim de elast\u00f4mero que deve ser aplicado sobre o condutor<\/li>\n<li>Economia<\/li>\n<li>Substitui a amarra\u00e7\u00e3o feita manualmente com fio e fita de alum\u00ednio<\/li>\n<\/ul>\n","protected":false},"featured_media":5272,"comment_status":"open","ping_status":"closed","template":"","meta":{"_joinchat":[]},"product_brand":[],"product_cat":[21],"product_tag":[],"class_list":{"0":"post-5298","1":"product","2":"type-product","3":"status-publish","4":"has-post-thumbnail","6":"product_cat-preformados","8":"first","9":"instock","10":"shipping-taxable","11":"product-type-simple"},"_links":{"self":[{"href":"https:\/\/telfio.com.br\/index.php?rest_route=\/wp\/v2\/product\/5298","targetHints":{"allow":["GET"]}}],"collection":[{"href":"https:\/\/telfio.com.br\/index.php?rest_route=\/wp\/v2\/product"}],"about":[{"href":"https:\/\/telfio.com.br\/index.php?rest_route=\/wp\/v2\/types\/product"}],"replies":[{"embeddable":true,"href":"https:\/\/telfio.com.br\/index.php?rest_route=%2Fwp%2Fv2%2Fcomments&post=5298"}],"wp:featuredmedia":[{"embeddable":true,"href":"https:\/\/telfio.com.br\/index.php?rest_route=\/wp\/v2\/media\/5272"}],"wp:attachment":[{"href":"https:\/\/telfio.com.br\/index.php?rest_route=%2Fwp%2Fv2%2Fmedia&parent=5298"}],"wp:term":[{"taxonomy":"product_brand","embeddable":true,"href":"https:\/\/telfio.com.br\/index.php?rest_route=%2Fwp%2Fv2%2Fproduct_brand&post=5298"},{"taxonomy":"product_cat","embeddable":true,"href":"https:\/\/telfio.com.br\/index.php?rest_route=%2Fwp%2Fv2%2Fproduct_cat&post=5298"},{"taxonomy":"product_tag","embeddable":true,"href":"https:\/\/telfio.com.br\/index.php?rest_route=%2Fwp%2Fv2%2Fproduct_tag&post=5298"}],"curies":[{"name":"wp","href":"https:\/\/api.w.org\/{rel}","templated":true}]}}