{"id":5296,"date":"2024-09-29T10:36:50","date_gmt":"2024-09-29T13:36:50","guid":{"rendered":"https:\/\/telfio.com.br\/?post_type=product&#038;p=5296"},"modified":"2024-09-29T10:36:50","modified_gmt":"2024-09-29T13:36:50","slug":"alca-de-amarracao","status":"publish","type":"product","link":"https:\/\/telfio.com.br\/?product=alca-de-amarracao","title":{"rendered":"Alca de Amarra\u00e7\u00e3o"},"content":{"rendered":"","protected":false},"excerpt":{"rendered":"<ul>\n<li>Alca de Amarra\u00e7\u00e3o GC3 Fibra 7,3mm &#8211; 8,6mm Vm<\/li>\n<li>Usada para ancorar cabos \u00f3pticos auto sustentado nos postes iniciais e finais de lan\u00e7amento de cabos \u00f3pticos<\/li>\n<li>Projetada para ter uma superf\u00edcie de grande contato com o cabo, evitando que o mesmo deslize<\/li>\n<li>O modelo se refere ao di\u00e2metro do cabo<\/li>\n<\/ul>\n","protected":false},"featured_media":5270,"comment_status":"open","ping_status":"closed","template":"","meta":{"_joinchat":[]},"product_brand":[],"product_cat":[21],"product_tag":[],"class_list":{"0":"post-5296","1":"product","2":"type-product","3":"status-publish","4":"has-post-thumbnail","6":"product_cat-preformados","8":"first","9":"instock","10":"shipping-taxable","11":"product-type-simple"},"_links":{"self":[{"href":"https:\/\/telfio.com.br\/index.php?rest_route=\/wp\/v2\/product\/5296","targetHints":{"allow":["GET"]}}],"collection":[{"href":"https:\/\/telfio.com.br\/index.php?rest_route=\/wp\/v2\/product"}],"about":[{"href":"https:\/\/telfio.com.br\/index.php?rest_route=\/wp\/v2\/types\/product"}],"replies":[{"embeddable":true,"href":"https:\/\/telfio.com.br\/index.php?rest_route=%2Fwp%2Fv2%2Fcomments&post=5296"}],"wp:featuredmedia":[{"embeddable":true,"href":"https:\/\/telfio.com.br\/index.php?rest_route=\/wp\/v2\/media\/5270"}],"wp:attachment":[{"href":"https:\/\/telfio.com.br\/index.php?rest_route=%2Fwp%2Fv2%2Fmedia&parent=5296"}],"wp:term":[{"taxonomy":"product_brand","embeddable":true,"href":"https:\/\/telfio.com.br\/index.php?rest_route=%2Fwp%2Fv2%2Fproduct_brand&post=5296"},{"taxonomy":"product_cat","embeddable":true,"href":"https:\/\/telfio.com.br\/index.php?rest_route=%2Fwp%2Fv2%2Fproduct_cat&post=5296"},{"taxonomy":"product_tag","embeddable":true,"href":"https:\/\/telfio.com.br\/index.php?rest_route=%2Fwp%2Fv2%2Fproduct_tag&post=5296"}],"curies":[{"name":"wp","href":"https:\/\/api.w.org\/{rel}","templated":true}]}}