{"id":5294,"date":"2024-09-29T10:29:59","date_gmt":"2024-09-29T13:29:59","guid":{"rendered":"https:\/\/telfio.com.br\/?post_type=product&#038;p=5294"},"modified":"2025-09-11T08:32:24","modified_gmt":"2025-09-11T11:32:24","slug":"cabo-cci","status":"publish","type":"product","link":"https:\/\/telfio.com.br\/?product=cabo-cci","title":{"rendered":"Cabo CCI Bitola 0,50mm 1 a 10 pares"},"content":{"rendered":"","protected":false},"excerpt":{"rendered":"<p data-start=\"400\" data-end=\"623\">O\u00a0<strong data-start=\"402\" data-end=\"414\">Cabo CCI<\/strong> \u00e9 uma escolha perfeita para quem busca efici\u00eancia e durabilidade em sistemas de comunica\u00e7\u00e3o. Dispon\u00edvel nas cores cinza<strong data-start=\"529\" data-end=\"547\"> e branca<\/strong>, este cabo \u00e9 adequado para diversas aplica\u00e7\u00f5es em ind\u00fastrias e automa\u00e7\u00e3o.<\/p>\n<h3 data-start=\"625\" data-end=\"658\"><strong data-start=\"629\" data-end=\"656\">Principais Utiliza\u00e7\u00f5es:<\/strong><\/h3>\n<p data-start=\"659\" data-end=\"778\">\u2714\u00a0<strong data-start=\"661\" data-end=\"687\">Comunica\u00e7\u00e3o industrial<\/strong><br data-start=\"687\" data-end=\"690\" \/>\u2714\u00a0<strong data-start=\"692\" data-end=\"717\">Sistemas de automa\u00e7\u00e3o<\/strong><br data-start=\"717\" data-end=\"720\" \/>\u2714\u00a0<strong data-start=\"722\" data-end=\"746\">Transmiss\u00e3o de dados<\/strong><br data-start=\"746\" data-end=\"749\" \/>\u2714\u00a0<strong data-start=\"751\" data-end=\"776\">Controle de processos<\/strong><\/p>\n<h3 data-start=\"780\" data-end=\"805\"><strong data-start=\"784\" data-end=\"803\">Especifica\u00e7\u00f5es:<\/strong><\/h3>\n<ul data-start=\"806\" data-end=\"1053\">\n<li data-start=\"806\" data-end=\"833\"><strong data-start=\"808\" data-end=\"818\">Cores:<\/strong>\u00a0Preta\/Branca<\/li>\n<li data-start=\"834\" data-end=\"857\"><strong data-start=\"836\" data-end=\"847\">Modelo:<\/strong>\u00a050 (0,50mm)<\/li>\n<li data-start=\"858\" data-end=\"899\"><strong data-start=\"860\" data-end=\"870\">Pares:<\/strong>\u00a0Dispon\u00edvel de 1 a 10 pares<\/li>\n<li data-start=\"900\" data-end=\"974\"><strong data-start=\"902\" data-end=\"924\">Constru\u00e7\u00e3o robusta<\/strong>\u00a0para resistir a ambientes industriais exigentes<\/li>\n<li data-start=\"975\" data-end=\"1053\"><strong data-start=\"977\" data-end=\"1012\">Alta durabilidade e resist\u00eancia<\/strong>\u00a0para garantir a performance necess\u00e1ria<\/li>\n<\/ul>\n","protected":false},"featured_media":5697,"comment_status":"open","ping_status":"closed","template":"","meta":{"_joinchat":[]},"product_brand":[],"product_cat":[18],"product_tag":[],"class_list":{"0":"post-5294","1":"product","2":"type-product","3":"status-publish","4":"has-post-thumbnail","6":"product_cat-fios","8":"first","9":"instock","10":"shipping-taxable","11":"product-type-simple"},"_links":{"self":[{"href":"https:\/\/telfio.com.br\/index.php?rest_route=\/wp\/v2\/product\/5294","targetHints":{"allow":["GET"]}}],"collection":[{"href":"https:\/\/telfio.com.br\/index.php?rest_route=\/wp\/v2\/product"}],"about":[{"href":"https:\/\/telfio.com.br\/index.php?rest_route=\/wp\/v2\/types\/product"}],"replies":[{"embeddable":true,"href":"https:\/\/telfio.com.br\/index.php?rest_route=%2Fwp%2Fv2%2Fcomments&post=5294"}],"wp:featuredmedia":[{"embeddable":true,"href":"https:\/\/telfio.com.br\/index.php?rest_route=\/wp\/v2\/media\/5697"}],"wp:attachment":[{"href":"https:\/\/telfio.com.br\/index.php?rest_route=%2Fwp%2Fv2%2Fmedia&parent=5294"}],"wp:term":[{"taxonomy":"product_brand","embeddable":true,"href":"https:\/\/telfio.com.br\/index.php?rest_route=%2Fwp%2Fv2%2Fproduct_brand&post=5294"},{"taxonomy":"product_cat","embeddable":true,"href":"https:\/\/telfio.com.br\/index.php?rest_route=%2Fwp%2Fv2%2Fproduct_cat&post=5294"},{"taxonomy":"product_tag","embeddable":true,"href":"https:\/\/telfio.com.br\/index.php?rest_route=%2Fwp%2Fv2%2Fproduct_tag&post=5294"}],"curies":[{"name":"wp","href":"https:\/\/api.w.org\/{rel}","templated":true}]}}