{"id":5293,"date":"2024-09-29T10:29:18","date_gmt":"2024-09-29T13:29:18","guid":{"rendered":"https:\/\/telfio.com.br\/?post_type=product&#038;p=5293"},"modified":"2025-04-08T15:39:46","modified_gmt":"2025-04-08T18:39:46","slug":"cabo-ctp-ap","status":"publish","type":"product","link":"https:\/\/telfio.com.br\/?product=cabo-ctp-ap","title":{"rendered":"Cabo CTP APL de  10 pares at\u00e9 200 pares"},"content":{"rendered":"","protected":false},"excerpt":{"rendered":"<ul>\n<li>Cabo Telef\u00f4nico Externo Blindado CTP APL\u00a0 de 10 pares at\u00e9\u00a0 200 Pares<\/li>\n<li>Vendido por Metro<\/li>\n<li>CABO CTP APL Fabricado em Bitola 0,50 mm e 0,40 mm<\/li>\n<li>Condutores de cobre eletrol\u00edtico, isolados com polietileno, agrupados e protegidos por capa APL<\/li>\n<li>Indicado preferencialmente para instala\u00e7\u00f5es em redes a\u00e9reas.<\/li>\n<li>Aplic\u00e1vel: SDT 235-320-701.NBR: 9124<\/li>\n<\/ul>\n","protected":false},"featured_media":5202,"comment_status":"open","ping_status":"closed","template":"","meta":{"_joinchat":[]},"product_brand":[],"product_cat":[18],"product_tag":[],"class_list":{"0":"post-5293","1":"product","2":"type-product","3":"status-publish","4":"has-post-thumbnail","6":"product_cat-fios","8":"first","9":"instock","10":"shipping-taxable","11":"product-type-simple"},"_links":{"self":[{"href":"https:\/\/telfio.com.br\/index.php?rest_route=\/wp\/v2\/product\/5293","targetHints":{"allow":["GET"]}}],"collection":[{"href":"https:\/\/telfio.com.br\/index.php?rest_route=\/wp\/v2\/product"}],"about":[{"href":"https:\/\/telfio.com.br\/index.php?rest_route=\/wp\/v2\/types\/product"}],"replies":[{"embeddable":true,"href":"https:\/\/telfio.com.br\/index.php?rest_route=%2Fwp%2Fv2%2Fcomments&post=5293"}],"wp:featuredmedia":[{"embeddable":true,"href":"https:\/\/telfio.com.br\/index.php?rest_route=\/wp\/v2\/media\/5202"}],"wp:attachment":[{"href":"https:\/\/telfio.com.br\/index.php?rest_route=%2Fwp%2Fv2%2Fmedia&parent=5293"}],"wp:term":[{"taxonomy":"product_brand","embeddable":true,"href":"https:\/\/telfio.com.br\/index.php?rest_route=%2Fwp%2Fv2%2Fproduct_brand&post=5293"},{"taxonomy":"product_cat","embeddable":true,"href":"https:\/\/telfio.com.br\/index.php?rest_route=%2Fwp%2Fv2%2Fproduct_cat&post=5293"},{"taxonomy":"product_tag","embeddable":true,"href":"https:\/\/telfio.com.br\/index.php?rest_route=%2Fwp%2Fv2%2Fproduct_tag&post=5293"}],"curies":[{"name":"wp","href":"https:\/\/api.w.org\/{rel}","templated":true}]}}