{"id":5292,"date":"2024-09-29T10:26:34","date_gmt":"2024-09-29T13:26:34","guid":{"rendered":"https:\/\/telfio.com.br\/?post_type=product&#038;p=5292"},"modified":"2024-09-29T10:34:04","modified_gmt":"2024-09-29T13:34:04","slug":"fio-fdg","status":"publish","type":"product","link":"https:\/\/telfio.com.br\/?product=fio-fdg","title":{"rendered":"Fio FDG"},"content":{"rendered":"<p><a href=\"https:\/\/telfio.com.br\/wp-content\/uploads\/2024\/09\/fio-torcido-fdg.jpg\"><img fetchpriority=\"high\" decoding=\"async\" class=\"alignnone size-medium wp-image-5295\" src=\"https:\/\/telfio.com.br\/wp-content\/uploads\/2024\/09\/fio-torcido-fdg-300x300.jpg\" alt=\"\" width=\"300\" height=\"300\" srcset=\"https:\/\/telfio.com.br\/wp-content\/uploads\/2024\/09\/fio-torcido-fdg-300x300.jpg 300w, https:\/\/telfio.com.br\/wp-content\/uploads\/2024\/09\/fio-torcido-fdg-150x150.jpg 150w, https:\/\/telfio.com.br\/wp-content\/uploads\/2024\/09\/fio-torcido-fdg-768x768.jpg 768w, https:\/\/telfio.com.br\/wp-content\/uploads\/2024\/09\/fio-torcido-fdg-600x600.jpg 600w, https:\/\/telfio.com.br\/wp-content\/uploads\/2024\/09\/fio-torcido-fdg-100x100.jpg 100w, https:\/\/telfio.com.br\/wp-content\/uploads\/2024\/09\/fio-torcido-fdg.jpg 800w\" sizes=\"(max-width: 300px) 100vw, 300px\" \/><\/a><\/p>\n","protected":false},"excerpt":{"rendered":"<ul>\n<li>Fio telef\u00f4nico FDG<\/li>\n<li>Chamado tamb\u00e9m de fio FDG<\/li>\n<li>Usado na distribui\u00e7\u00e3o de equipamentos telef\u00f4nicos de comuta\u00e7\u00e3o<\/li>\n<li>Tamb\u00e9m na interliga\u00e7\u00e3o terminais de arm\u00e1rios de distribui\u00e7\u00e3o<\/li>\n<li>Fabricado em cobre eletrol\u00edtico, estanhado com isolamento em PVC, at\u00e9 6 condutores torcidos.<\/li>\n<li>Especificado segundo NBR 9123 da ABNT<\/li>\n<li>Fio telef\u00f4nico FDG &#8211; Fio Jumper &#8211; Bitola 50&#215;2<\/li>\n<li>Para jumpeamento de distribuidores de telefonia<\/li>\n<li>Cores Preto-Laranja<\/li>\n<li>Bobina com 500 metros<\/li>\n<\/ul>\n","protected":false},"featured_media":5203,"comment_status":"open","ping_status":"closed","template":"","meta":{"_joinchat":[]},"product_brand":[],"product_cat":[18],"product_tag":[],"class_list":{"0":"post-5292","1":"product","2":"type-product","3":"status-publish","4":"has-post-thumbnail","6":"product_cat-fios","8":"first","9":"instock","10":"shipping-taxable","11":"product-type-simple"},"_links":{"self":[{"href":"https:\/\/telfio.com.br\/index.php?rest_route=\/wp\/v2\/product\/5292","targetHints":{"allow":["GET"]}}],"collection":[{"href":"https:\/\/telfio.com.br\/index.php?rest_route=\/wp\/v2\/product"}],"about":[{"href":"https:\/\/telfio.com.br\/index.php?rest_route=\/wp\/v2\/types\/product"}],"replies":[{"embeddable":true,"href":"https:\/\/telfio.com.br\/index.php?rest_route=%2Fwp%2Fv2%2Fcomments&post=5292"}],"wp:featuredmedia":[{"embeddable":true,"href":"https:\/\/telfio.com.br\/index.php?rest_route=\/wp\/v2\/media\/5203"}],"wp:attachment":[{"href":"https:\/\/telfio.com.br\/index.php?rest_route=%2Fwp%2Fv2%2Fmedia&parent=5292"}],"wp:term":[{"taxonomy":"product_brand","embeddable":true,"href":"https:\/\/telfio.com.br\/index.php?rest_route=%2Fwp%2Fv2%2Fproduct_brand&post=5292"},{"taxonomy":"product_cat","embeddable":true,"href":"https:\/\/telfio.com.br\/index.php?rest_route=%2Fwp%2Fv2%2Fproduct_cat&post=5292"},{"taxonomy":"product_tag","embeddable":true,"href":"https:\/\/telfio.com.br\/index.php?rest_route=%2Fwp%2Fv2%2Fproduct_tag&post=5292"}],"curies":[{"name":"wp","href":"https:\/\/api.w.org\/{rel}","templated":true}]}}