{"id":5291,"date":"2024-09-29T10:22:03","date_gmt":"2024-09-29T13:22:03","guid":{"rendered":"https:\/\/telfio.com.br\/?post_type=product&#038;p=5291"},"modified":"2024-09-29T10:22:03","modified_gmt":"2024-09-29T13:22:03","slug":"fecho-dentado","status":"publish","type":"product","link":"https:\/\/telfio.com.br\/?product=fecho-dentado","title":{"rendered":"Fecho Dentado"},"content":{"rendered":"","protected":false},"excerpt":{"rendered":"<ul>\n<li>Os fechos s\u00e3o fabricados em a\u00e7o inox 430<\/li>\n<li>S\u00e3o recomendados para fixa\u00e7\u00e3o de suportes em diversas aplica\u00e7\u00f5es, exceto na sustenta\u00e7\u00e3o de cabos.<\/li>\n<li>Ele permite a uni\u00e3o segura das pontas da fita de a\u00e7o inoxid\u00e1vel ABNT 304.<\/li>\n<li>Utilizado em conjunto com a fita de a\u00e7o inoxid\u00e1vel para uni\u00e3o das pontas<\/li>\n<li>Fita de a\u00e7o inoxid\u00e1vel ABNT 304<\/li>\n<\/ul>\n","protected":false},"featured_media":5128,"comment_status":"open","ping_status":"closed","template":"","meta":{"_joinchat":[]},"product_brand":[],"product_cat":[20],"product_tag":[],"class_list":{"0":"post-5291","1":"product","2":"type-product","3":"status-publish","4":"has-post-thumbnail","6":"product_cat-ferragens","8":"first","9":"instock","10":"shipping-taxable","11":"product-type-simple"},"_links":{"self":[{"href":"https:\/\/telfio.com.br\/index.php?rest_route=\/wp\/v2\/product\/5291","targetHints":{"allow":["GET"]}}],"collection":[{"href":"https:\/\/telfio.com.br\/index.php?rest_route=\/wp\/v2\/product"}],"about":[{"href":"https:\/\/telfio.com.br\/index.php?rest_route=\/wp\/v2\/types\/product"}],"replies":[{"embeddable":true,"href":"https:\/\/telfio.com.br\/index.php?rest_route=%2Fwp%2Fv2%2Fcomments&post=5291"}],"wp:featuredmedia":[{"embeddable":true,"href":"https:\/\/telfio.com.br\/index.php?rest_route=\/wp\/v2\/media\/5128"}],"wp:attachment":[{"href":"https:\/\/telfio.com.br\/index.php?rest_route=%2Fwp%2Fv2%2Fmedia&parent=5291"}],"wp:term":[{"taxonomy":"product_brand","embeddable":true,"href":"https:\/\/telfio.com.br\/index.php?rest_route=%2Fwp%2Fv2%2Fproduct_brand&post=5291"},{"taxonomy":"product_cat","embeddable":true,"href":"https:\/\/telfio.com.br\/index.php?rest_route=%2Fwp%2Fv2%2Fproduct_cat&post=5291"},{"taxonomy":"product_tag","embeddable":true,"href":"https:\/\/telfio.com.br\/index.php?rest_route=%2Fwp%2Fv2%2Fproduct_tag&post=5291"}],"curies":[{"name":"wp","href":"https:\/\/api.w.org\/{rel}","templated":true}]}}