{"id":5289,"date":"2024-09-29T10:16:36","date_gmt":"2024-09-29T13:16:36","guid":{"rendered":"https:\/\/telfio.com.br\/?post_type=product&#038;p=5289"},"modified":"2024-11-18T09:08:47","modified_gmt":"2024-11-18T12:08:47","slug":"fita-aco-1","status":"publish","type":"product","link":"https:\/\/telfio.com.br\/?product=fita-aco-1","title":{"rendered":"Fita A\u00e7o Inox"},"content":{"rendered":"","protected":false},"excerpt":{"rendered":"<p>Apropriada\u00a0na fixa\u00e7\u00e3o de elementos de redes externas de telecomunica\u00e7\u00f5es, constru\u00e7\u00e3o civil, offshore e sinaliza\u00e7\u00e3o.<\/p>\n<p>\u2022 Fita A\u00e7o Inox perfeita para os mais variados materiais e objetos<\/p>\n<p>\u2022\u00a0Permite perfeito posicionamento do equipamento instalado<\/p>\n<p>\u2022 Utilizadas para cintar\u00a0postes, hastes e mastros<\/p>\n<p>\u2022 N\u00e3o se afrouxam com vibra\u00e7\u00f5es<\/p>\n<p>\u2022 Fabricada em A\u00e7o Inox AISI 430, proporciona\u00a0baixa permeabilidade magn\u00e9tica,\u00a0resist\u00eancia a intemp\u00e9ries\u00a0e a corros\u00e3o.<\/p>\n","protected":false},"featured_media":5130,"comment_status":"open","ping_status":"closed","template":"","meta":{"_joinchat":[]},"product_brand":[],"product_cat":[20],"product_tag":[],"class_list":{"0":"post-5289","1":"product","2":"type-product","3":"status-publish","4":"has-post-thumbnail","6":"product_cat-ferragens","8":"first","9":"instock","10":"shipping-taxable","11":"product-type-simple"},"_links":{"self":[{"href":"https:\/\/telfio.com.br\/index.php?rest_route=\/wp\/v2\/product\/5289","targetHints":{"allow":["GET"]}}],"collection":[{"href":"https:\/\/telfio.com.br\/index.php?rest_route=\/wp\/v2\/product"}],"about":[{"href":"https:\/\/telfio.com.br\/index.php?rest_route=\/wp\/v2\/types\/product"}],"replies":[{"embeddable":true,"href":"https:\/\/telfio.com.br\/index.php?rest_route=%2Fwp%2Fv2%2Fcomments&post=5289"}],"wp:featuredmedia":[{"embeddable":true,"href":"https:\/\/telfio.com.br\/index.php?rest_route=\/wp\/v2\/media\/5130"}],"wp:attachment":[{"href":"https:\/\/telfio.com.br\/index.php?rest_route=%2Fwp%2Fv2%2Fmedia&parent=5289"}],"wp:term":[{"taxonomy":"product_brand","embeddable":true,"href":"https:\/\/telfio.com.br\/index.php?rest_route=%2Fwp%2Fv2%2Fproduct_brand&post=5289"},{"taxonomy":"product_cat","embeddable":true,"href":"https:\/\/telfio.com.br\/index.php?rest_route=%2Fwp%2Fv2%2Fproduct_cat&post=5289"},{"taxonomy":"product_tag","embeddable":true,"href":"https:\/\/telfio.com.br\/index.php?rest_route=%2Fwp%2Fv2%2Fproduct_tag&post=5289"}],"curies":[{"name":"wp","href":"https:\/\/api.w.org\/{rel}","templated":true}]}}