{"id":5284,"date":"2024-09-29T10:08:57","date_gmt":"2024-09-29T13:08:57","guid":{"rendered":"https:\/\/telfio.com.br\/?post_type=product&#038;p=5284"},"modified":"2024-09-29T10:08:57","modified_gmt":"2024-09-29T13:08:57","slug":"reserva-cruzeta","status":"publish","type":"product","link":"https:\/\/telfio.com.br\/?product=reserva-cruzeta","title":{"rendered":"Reserva Cruzeta"},"content":{"rendered":"","protected":false},"excerpt":{"rendered":"<ul>\n<li>Reserva Cruzeta para Cabo \u00d3ptico<\/li>\n<li>Constitu\u00edda por duas chapas de a\u00e7o galvanizadas, soldadas em forma de cruz<\/li>\n<li>As extremidades das chapas s\u00e3o soldadas pe\u00e7as em formato \u201cL\u201d, que permitem a acomoda\u00e7\u00e3o da reserva t\u00e9cnica de cabo \u00f3ptico em poste.<\/li>\n<\/ul>\n","protected":false},"featured_media":5135,"comment_status":"open","ping_status":"closed","template":"","meta":{"_joinchat":[]},"product_brand":[],"product_cat":[20],"product_tag":[],"class_list":{"0":"post-5284","1":"product","2":"type-product","3":"status-publish","4":"has-post-thumbnail","6":"product_cat-ferragens","8":"first","9":"instock","10":"shipping-taxable","11":"product-type-simple"},"_links":{"self":[{"href":"https:\/\/telfio.com.br\/index.php?rest_route=\/wp\/v2\/product\/5284","targetHints":{"allow":["GET"]}}],"collection":[{"href":"https:\/\/telfio.com.br\/index.php?rest_route=\/wp\/v2\/product"}],"about":[{"href":"https:\/\/telfio.com.br\/index.php?rest_route=\/wp\/v2\/types\/product"}],"replies":[{"embeddable":true,"href":"https:\/\/telfio.com.br\/index.php?rest_route=%2Fwp%2Fv2%2Fcomments&post=5284"}],"wp:featuredmedia":[{"embeddable":true,"href":"https:\/\/telfio.com.br\/index.php?rest_route=\/wp\/v2\/media\/5135"}],"wp:attachment":[{"href":"https:\/\/telfio.com.br\/index.php?rest_route=%2Fwp%2Fv2%2Fmedia&parent=5284"}],"wp:term":[{"taxonomy":"product_brand","embeddable":true,"href":"https:\/\/telfio.com.br\/index.php?rest_route=%2Fwp%2Fv2%2Fproduct_brand&post=5284"},{"taxonomy":"product_cat","embeddable":true,"href":"https:\/\/telfio.com.br\/index.php?rest_route=%2Fwp%2Fv2%2Fproduct_cat&post=5284"},{"taxonomy":"product_tag","embeddable":true,"href":"https:\/\/telfio.com.br\/index.php?rest_route=%2Fwp%2Fv2%2Fproduct_tag&post=5284"}],"curies":[{"name":"wp","href":"https:\/\/api.w.org\/{rel}","templated":true}]}}