{"id":5283,"date":"2024-09-29T10:07:15","date_gmt":"2024-09-29T13:07:15","guid":{"rendered":"https:\/\/telfio.com.br\/?post_type=product&#038;p=5283"},"modified":"2024-09-29T10:07:15","modified_gmt":"2024-09-29T13:07:15","slug":"suporte-bap","status":"publish","type":"product","link":"https:\/\/telfio.com.br\/?product=suporte-bap","title":{"rendered":"Suporte BAP"},"content":{"rendered":"","protected":false},"excerpt":{"rendered":"<ul>\n<li>Suporte Refor\u00e7ada Para Bap<\/li>\n<li>Furo quadrado 14mm<\/li>\n<li>Utilizado na fixa\u00e7\u00e3o de pe\u00e7as ao poste com a utiliza\u00e7\u00e3o de bra\u00e7adeiras ajust\u00e1veis.<\/li>\n<li>Fabricado em chapa de a\u00e7o galvanizada a fogo.<\/li>\n<\/ul>\n","protected":false},"featured_media":5136,"comment_status":"open","ping_status":"closed","template":"","meta":{"_joinchat":[]},"product_brand":[],"product_cat":[20],"product_tag":[],"class_list":{"0":"post-5283","1":"product","2":"type-product","3":"status-publish","4":"has-post-thumbnail","6":"product_cat-ferragens","8":"first","9":"instock","10":"shipping-taxable","11":"product-type-simple"},"_links":{"self":[{"href":"https:\/\/telfio.com.br\/index.php?rest_route=\/wp\/v2\/product\/5283","targetHints":{"allow":["GET"]}}],"collection":[{"href":"https:\/\/telfio.com.br\/index.php?rest_route=\/wp\/v2\/product"}],"about":[{"href":"https:\/\/telfio.com.br\/index.php?rest_route=\/wp\/v2\/types\/product"}],"replies":[{"embeddable":true,"href":"https:\/\/telfio.com.br\/index.php?rest_route=%2Fwp%2Fv2%2Fcomments&post=5283"}],"wp:featuredmedia":[{"embeddable":true,"href":"https:\/\/telfio.com.br\/index.php?rest_route=\/wp\/v2\/media\/5136"}],"wp:attachment":[{"href":"https:\/\/telfio.com.br\/index.php?rest_route=%2Fwp%2Fv2%2Fmedia&parent=5283"}],"wp:term":[{"taxonomy":"product_brand","embeddable":true,"href":"https:\/\/telfio.com.br\/index.php?rest_route=%2Fwp%2Fv2%2Fproduct_brand&post=5283"},{"taxonomy":"product_cat","embeddable":true,"href":"https:\/\/telfio.com.br\/index.php?rest_route=%2Fwp%2Fv2%2Fproduct_cat&post=5283"},{"taxonomy":"product_tag","embeddable":true,"href":"https:\/\/telfio.com.br\/index.php?rest_route=%2Fwp%2Fv2%2Fproduct_tag&post=5283"}],"curies":[{"name":"wp","href":"https:\/\/api.w.org\/{rel}","templated":true}]}}