{"id":5282,"date":"2024-09-29T10:05:14","date_gmt":"2024-09-29T13:05:14","guid":{"rendered":"https:\/\/telfio.com.br\/?post_type=product&#038;p=5282"},"modified":"2024-09-29T10:05:15","modified_gmt":"2024-09-29T13:05:15","slug":"suporte-presbow-tipo-1","status":"publish","type":"product","link":"https:\/\/telfio.com.br\/?product=suporte-presbow-tipo-1","title":{"rendered":"Suporte Presbow Tipo 1"},"content":{"rendered":"","protected":false},"excerpt":{"rendered":"<ul>\n<li>Produto feito em A\u00e7o Galvanizado<\/li>\n<li>Utilizadas para a sustenta\u00e7\u00e3o de isolador tipo roldana e cordoalha de a\u00e7o junto ao poste<\/li>\n<li>Tem como objetivo sustentar e ancorar cabos met\u00e1licos e de fibra \u00f3ptica no poste atrav\u00e9s de al\u00e7as ou conjuntos de ancoragem.<\/li>\n<\/ul>\n","protected":false},"featured_media":5137,"comment_status":"open","ping_status":"closed","template":"","meta":{"_joinchat":[]},"product_brand":[],"product_cat":[20],"product_tag":[],"class_list":{"0":"post-5282","1":"product","2":"type-product","3":"status-publish","4":"has-post-thumbnail","6":"product_cat-ferragens","8":"first","9":"instock","10":"shipping-taxable","11":"product-type-simple"},"_links":{"self":[{"href":"https:\/\/telfio.com.br\/index.php?rest_route=\/wp\/v2\/product\/5282","targetHints":{"allow":["GET"]}}],"collection":[{"href":"https:\/\/telfio.com.br\/index.php?rest_route=\/wp\/v2\/product"}],"about":[{"href":"https:\/\/telfio.com.br\/index.php?rest_route=\/wp\/v2\/types\/product"}],"replies":[{"embeddable":true,"href":"https:\/\/telfio.com.br\/index.php?rest_route=%2Fwp%2Fv2%2Fcomments&post=5282"}],"wp:featuredmedia":[{"embeddable":true,"href":"https:\/\/telfio.com.br\/index.php?rest_route=\/wp\/v2\/media\/5137"}],"wp:attachment":[{"href":"https:\/\/telfio.com.br\/index.php?rest_route=%2Fwp%2Fv2%2Fmedia&parent=5282"}],"wp:term":[{"taxonomy":"product_brand","embeddable":true,"href":"https:\/\/telfio.com.br\/index.php?rest_route=%2Fwp%2Fv2%2Fproduct_brand&post=5282"},{"taxonomy":"product_cat","embeddable":true,"href":"https:\/\/telfio.com.br\/index.php?rest_route=%2Fwp%2Fv2%2Fproduct_cat&post=5282"},{"taxonomy":"product_tag","embeddable":true,"href":"https:\/\/telfio.com.br\/index.php?rest_route=%2Fwp%2Fv2%2Fproduct_tag&post=5282"}],"curies":[{"name":"wp","href":"https:\/\/api.w.org\/{rel}","templated":true}]}}