{"id":5278,"date":"2024-09-29T09:56:14","date_gmt":"2024-09-29T12:56:14","guid":{"rendered":"https:\/\/telfio.com.br\/?post_type=product&#038;p=5278"},"modified":"2025-04-11T09:31:12","modified_gmt":"2025-04-11T12:31:12","slug":"legreta-3furos","status":"publish","type":"product","link":"https:\/\/telfio.com.br\/?product=legreta-3furos","title":{"rendered":"Regreta 3 furos e 9 furos"},"content":{"rendered":"","protected":false},"excerpt":{"rendered":"<p>Projetada para fornecer suporte confi\u00e1vel a cabos telef\u00f4nicos em caixas subterr\u00e2neas, t\u00faneis e galerias.<\/p>\n<p>Sua fixa\u00e7\u00e3o \u00e9 realizada diretamente nas paredes de t\u00faneis e caixas subterr\u00e2neas com parafusos para chumbar PCH, ou em postes de sustenta\u00e7\u00e3o<\/p>\n<p>Modelos em :<\/p>\n<p>03 furos<\/p>\n<p>09 furos<\/p>\n<p>&nbsp;<\/p>\n","protected":false},"featured_media":5140,"comment_status":"open","ping_status":"closed","template":"","meta":{"_joinchat":[]},"product_brand":[],"product_cat":[20],"product_tag":[],"class_list":{"0":"post-5278","1":"product","2":"type-product","3":"status-publish","4":"has-post-thumbnail","6":"product_cat-ferragens","8":"first","9":"instock","10":"shipping-taxable","11":"product-type-simple"},"_links":{"self":[{"href":"https:\/\/telfio.com.br\/index.php?rest_route=\/wp\/v2\/product\/5278","targetHints":{"allow":["GET"]}}],"collection":[{"href":"https:\/\/telfio.com.br\/index.php?rest_route=\/wp\/v2\/product"}],"about":[{"href":"https:\/\/telfio.com.br\/index.php?rest_route=\/wp\/v2\/types\/product"}],"replies":[{"embeddable":true,"href":"https:\/\/telfio.com.br\/index.php?rest_route=%2Fwp%2Fv2%2Fcomments&post=5278"}],"wp:featuredmedia":[{"embeddable":true,"href":"https:\/\/telfio.com.br\/index.php?rest_route=\/wp\/v2\/media\/5140"}],"wp:attachment":[{"href":"https:\/\/telfio.com.br\/index.php?rest_route=%2Fwp%2Fv2%2Fmedia&parent=5278"}],"wp:term":[{"taxonomy":"product_brand","embeddable":true,"href":"https:\/\/telfio.com.br\/index.php?rest_route=%2Fwp%2Fv2%2Fproduct_brand&post=5278"},{"taxonomy":"product_cat","embeddable":true,"href":"https:\/\/telfio.com.br\/index.php?rest_route=%2Fwp%2Fv2%2Fproduct_cat&post=5278"},{"taxonomy":"product_tag","embeddable":true,"href":"https:\/\/telfio.com.br\/index.php?rest_route=%2Fwp%2Fv2%2Fproduct_tag&post=5278"}],"curies":[{"name":"wp","href":"https:\/\/api.w.org\/{rel}","templated":true}]}}