{"id":5231,"date":"2024-09-25T10:10:09","date_gmt":"2024-09-25T13:10:09","guid":{"rendered":"https:\/\/telfio.com.br\/?post_type=product&#038;p=5231"},"modified":"2024-09-25T10:10:09","modified_gmt":"2024-09-25T13:10:09","slug":"cabo-drop-flat","status":"publish","type":"product","link":"https:\/\/telfio.com.br\/?product=cabo-drop-flat","title":{"rendered":"Cabo Drop Flat"},"content":{"rendered":"","protected":false},"excerpt":{"rendered":"<p>Os membros de tra\u00e7\u00e3o s\u00e3o met\u00e1licos e sua cobertura externa \u00e9 projetada com material termopl\u00e1stico retardador de chama e baixa emiss\u00e3o de fuma\u00e7a, LSZH, resistente aos raios UV.<\/p>\n<p><strong>Jaqueta:<\/strong>\u00a0LSZH|\u00a0<strong>Mensageiro:<\/strong>\u00a0Fio metalizado Fosfatizado |\u00a0<strong>Fibra:<\/strong>\u00a0BLI-A<\/p>\n","protected":false},"featured_media":5232,"comment_status":"open","ping_status":"closed","template":"","meta":{"_joinchat":[]},"product_brand":[],"product_cat":[73],"product_tag":[],"class_list":{"0":"post-5231","1":"product","2":"type-product","3":"status-publish","4":"has-post-thumbnail","6":"product_cat-fibra","8":"first","9":"instock","10":"shipping-taxable","11":"product-type-simple"},"_links":{"self":[{"href":"https:\/\/telfio.com.br\/index.php?rest_route=\/wp\/v2\/product\/5231","targetHints":{"allow":["GET"]}}],"collection":[{"href":"https:\/\/telfio.com.br\/index.php?rest_route=\/wp\/v2\/product"}],"about":[{"href":"https:\/\/telfio.com.br\/index.php?rest_route=\/wp\/v2\/types\/product"}],"replies":[{"embeddable":true,"href":"https:\/\/telfio.com.br\/index.php?rest_route=%2Fwp%2Fv2%2Fcomments&post=5231"}],"wp:featuredmedia":[{"embeddable":true,"href":"https:\/\/telfio.com.br\/index.php?rest_route=\/wp\/v2\/media\/5232"}],"wp:attachment":[{"href":"https:\/\/telfio.com.br\/index.php?rest_route=%2Fwp%2Fv2%2Fmedia&parent=5231"}],"wp:term":[{"taxonomy":"product_brand","embeddable":true,"href":"https:\/\/telfio.com.br\/index.php?rest_route=%2Fwp%2Fv2%2Fproduct_brand&post=5231"},{"taxonomy":"product_cat","embeddable":true,"href":"https:\/\/telfio.com.br\/index.php?rest_route=%2Fwp%2Fv2%2Fproduct_cat&post=5231"},{"taxonomy":"product_tag","embeddable":true,"href":"https:\/\/telfio.com.br\/index.php?rest_route=%2Fwp%2Fv2%2Fproduct_tag&post=5231"}],"curies":[{"name":"wp","href":"https:\/\/api.w.org\/{rel}","templated":true}]}}