{"id":5229,"date":"2024-09-25T09:35:24","date_gmt":"2024-09-25T12:35:24","guid":{"rendered":"https:\/\/telfio.com.br\/?post_type=product&#038;p=5229"},"modified":"2024-09-25T09:36:36","modified_gmt":"2024-09-25T12:36:36","slug":"cabo-ctp-apl-bitola-50-ou-40","status":"publish","type":"product","link":"https:\/\/telfio.com.br\/?product=cabo-ctp-apl-bitola-50-ou-40","title":{"rendered":"Cabo CTP APL Bitola 50 ou 40"},"content":{"rendered":"","protected":false},"excerpt":{"rendered":"<p>Os cabos CTP-APL s\u00e3o constitu\u00eddos por condutores de cobre eletrol\u00edtico, isolados com polietileno ou polipropileno, agrupados e protegidos por uma capa APL.<\/p>\n","protected":false},"featured_media":5230,"comment_status":"open","ping_status":"closed","template":"","meta":{"_joinchat":[]},"product_brand":[],"product_cat":[18],"product_tag":[],"class_list":{"0":"post-5229","1":"product","2":"type-product","3":"status-publish","4":"has-post-thumbnail","6":"product_cat-fios","8":"first","9":"instock","10":"shipping-taxable","11":"product-type-simple"},"_links":{"self":[{"href":"https:\/\/telfio.com.br\/index.php?rest_route=\/wp\/v2\/product\/5229","targetHints":{"allow":["GET"]}}],"collection":[{"href":"https:\/\/telfio.com.br\/index.php?rest_route=\/wp\/v2\/product"}],"about":[{"href":"https:\/\/telfio.com.br\/index.php?rest_route=\/wp\/v2\/types\/product"}],"replies":[{"embeddable":true,"href":"https:\/\/telfio.com.br\/index.php?rest_route=%2Fwp%2Fv2%2Fcomments&post=5229"}],"wp:featuredmedia":[{"embeddable":true,"href":"https:\/\/telfio.com.br\/index.php?rest_route=\/wp\/v2\/media\/5230"}],"wp:attachment":[{"href":"https:\/\/telfio.com.br\/index.php?rest_route=%2Fwp%2Fv2%2Fmedia&parent=5229"}],"wp:term":[{"taxonomy":"product_brand","embeddable":true,"href":"https:\/\/telfio.com.br\/index.php?rest_route=%2Fwp%2Fv2%2Fproduct_brand&post=5229"},{"taxonomy":"product_cat","embeddable":true,"href":"https:\/\/telfio.com.br\/index.php?rest_route=%2Fwp%2Fv2%2Fproduct_cat&post=5229"},{"taxonomy":"product_tag","embeddable":true,"href":"https:\/\/telfio.com.br\/index.php?rest_route=%2Fwp%2Fv2%2Fproduct_tag&post=5229"}],"curies":[{"name":"wp","href":"https:\/\/api.w.org\/{rel}","templated":true}]}}