{"id":5217,"date":"2024-09-25T00:56:20","date_gmt":"2024-09-25T03:56:20","guid":{"rendered":"https:\/\/telfio.com.br\/?post_type=product&#038;p=5217"},"modified":"2024-10-03T14:05:11","modified_gmt":"2024-10-03T17:05:11","slug":"abracadeira-de-ancoragem","status":"publish","type":"product","link":"https:\/\/telfio.com.br\/?product=abracadeira-de-ancoragem","title":{"rendered":"BAP 2,3 e 4 Abra\u00e7adeira Ajustavel"},"content":{"rendered":"","protected":false},"excerpt":{"rendered":"<p>Galvanizadas a Fogo<\/p>\n<p>Para sustenta\u00e7\u00e3o de acess\u00f3rios em postes circulares de concreto, madeira e em postes duplo T com uso de base adaptadora.<\/p>\n<p>CHAPA 1.20mm (padr\u00e3o) BAP 2 &#8211; 80cm\u00a0 \u00a0 \u00a0 \u00a0 \u00a0 \u00a0 \u00a0 \u00a0 \u00a0 \u00a0 \u00a0 BAP 4 &#8211; 100cm\u00a0 \u00a0 \u00a0 \u00a0 \u00a0 \u00a0 \u00a0 \u00a0 \u00a0 \u00a0 BAP 3 &#8211; 120cm<\/p>\n","protected":false},"featured_media":5476,"comment_status":"open","ping_status":"closed","template":"","meta":{"_joinchat":[]},"product_brand":[],"product_cat":[20],"product_tag":[],"class_list":{"0":"post-5217","1":"product","2":"type-product","3":"status-publish","4":"has-post-thumbnail","6":"product_cat-ferragens","8":"first","9":"instock","10":"shipping-taxable","11":"product-type-simple"},"_links":{"self":[{"href":"https:\/\/telfio.com.br\/index.php?rest_route=\/wp\/v2\/product\/5217","targetHints":{"allow":["GET"]}}],"collection":[{"href":"https:\/\/telfio.com.br\/index.php?rest_route=\/wp\/v2\/product"}],"about":[{"href":"https:\/\/telfio.com.br\/index.php?rest_route=\/wp\/v2\/types\/product"}],"replies":[{"embeddable":true,"href":"https:\/\/telfio.com.br\/index.php?rest_route=%2Fwp%2Fv2%2Fcomments&post=5217"}],"wp:featuredmedia":[{"embeddable":true,"href":"https:\/\/telfio.com.br\/index.php?rest_route=\/wp\/v2\/media\/5476"}],"wp:attachment":[{"href":"https:\/\/telfio.com.br\/index.php?rest_route=%2Fwp%2Fv2%2Fmedia&parent=5217"}],"wp:term":[{"taxonomy":"product_brand","embeddable":true,"href":"https:\/\/telfio.com.br\/index.php?rest_route=%2Fwp%2Fv2%2Fproduct_brand&post=5217"},{"taxonomy":"product_cat","embeddable":true,"href":"https:\/\/telfio.com.br\/index.php?rest_route=%2Fwp%2Fv2%2Fproduct_cat&post=5217"},{"taxonomy":"product_tag","embeddable":true,"href":"https:\/\/telfio.com.br\/index.php?rest_route=%2Fwp%2Fv2%2Fproduct_tag&post=5217"}],"curies":[{"name":"wp","href":"https:\/\/api.w.org\/{rel}","templated":true}]}}