{"id":5127,"date":"2024-09-22T08:33:17","date_gmt":"2024-09-22T11:33:17","guid":{"rendered":"https:\/\/telfio.com.br\/?post_type=product&#038;p=5127"},"modified":"2024-09-24T23:44:19","modified_gmt":"2024-09-25T02:44:19","slug":"suporte-sir","status":"publish","type":"product","link":"https:\/\/telfio.com.br\/?product=suporte-sir","title":{"rendered":"Suporte Sir"},"content":{"rendered":"<ul>\n<li>Utilizado na sustenta\u00e7\u00e3o de cabos met\u00e1licos e \u00f3ticos em postes em conjunto a roldana 56 x 56.<\/li>\n<li>Produzido em a\u00e7o carbono galvanizado.<\/li>\n<li>Fixado com abra\u00e7adeira BAP.<\/li>\n<\/ul>\n","protected":false},"excerpt":{"rendered":"<ul>\n<li>Utilizado na sustenta\u00e7\u00e3o de cabos met\u00e1licos e \u00f3ticos em postes em conjunto a roldana 56 x 56.<\/li>\n<li>Produzido em a\u00e7o carbono galvanizado.<\/li>\n<li>Fixado com abra\u00e7adeira BAP.<\/li>\n<\/ul>\n","protected":false},"featured_media":5142,"comment_status":"open","ping_status":"closed","template":"","meta":{"_joinchat":[]},"product_brand":[],"product_cat":[20],"product_tag":[],"class_list":{"0":"post-5127","1":"product","2":"type-product","3":"status-publish","4":"has-post-thumbnail","6":"product_cat-ferragens","8":"first","9":"instock","10":"shipping-taxable","11":"product-type-simple"},"_links":{"self":[{"href":"https:\/\/telfio.com.br\/index.php?rest_route=\/wp\/v2\/product\/5127","targetHints":{"allow":["GET"]}}],"collection":[{"href":"https:\/\/telfio.com.br\/index.php?rest_route=\/wp\/v2\/product"}],"about":[{"href":"https:\/\/telfio.com.br\/index.php?rest_route=\/wp\/v2\/types\/product"}],"replies":[{"embeddable":true,"href":"https:\/\/telfio.com.br\/index.php?rest_route=%2Fwp%2Fv2%2Fcomments&post=5127"}],"wp:featuredmedia":[{"embeddable":true,"href":"https:\/\/telfio.com.br\/index.php?rest_route=\/wp\/v2\/media\/5142"}],"wp:attachment":[{"href":"https:\/\/telfio.com.br\/index.php?rest_route=%2Fwp%2Fv2%2Fmedia&parent=5127"}],"wp:term":[{"taxonomy":"product_brand","embeddable":true,"href":"https:\/\/telfio.com.br\/index.php?rest_route=%2Fwp%2Fv2%2Fproduct_brand&post=5127"},{"taxonomy":"product_cat","embeddable":true,"href":"https:\/\/telfio.com.br\/index.php?rest_route=%2Fwp%2Fv2%2Fproduct_cat&post=5127"},{"taxonomy":"product_tag","embeddable":true,"href":"https:\/\/telfio.com.br\/index.php?rest_route=%2Fwp%2Fv2%2Fproduct_tag&post=5127"}],"curies":[{"name":"wp","href":"https:\/\/api.w.org\/{rel}","templated":true}]}}