{"id":50,"date":"2024-06-26T15:16:07","date_gmt":"2024-06-26T18:16:07","guid":{"rendered":"http:\/\/telfio.com.br\/?page_id=50"},"modified":"2025-05-14T14:57:38","modified_gmt":"2025-05-14T17:57:38","slug":"empresa","status":"publish","type":"page","link":"https:\/\/telfio.com.br\/?page_id=50","title":{"rendered":"Empresa"},"content":{"rendered":"\n<p>A TELFIO \u00e9 uma empresa com o foco na telefonia \u2013 Materiais de Telefonia. Est\u00e1 a mais de 20 anos no mercado, tem uma larga experi\u00eancia no setor. Localizada em um ponto estrat\u00e9gico em Porto Alegre \/ RS. Conta com uma grande quantidade e variedades de produtos na \u00e1rea. <\/p>\n\n\n\n<p><strong>Dispomos de uma ampla linha de materiais para seus projetos<\/strong>.<\/p>\n\n\n<div class=\"wp-block-image\">\n<figure class=\"aligncenter size-full is-resized\"><img fetchpriority=\"high\" decoding=\"async\" width=\"550\" height=\"187\" src=\"https:\/\/telfio.com.br\/wp-content\/uploads\/2024\/09\/Logotipo-Aqui-pq.png\" alt=\"\" class=\"wp-image-5032\" style=\"width:346px;height:auto\" srcset=\"https:\/\/telfio.com.br\/wp-content\/uploads\/2024\/09\/Logotipo-Aqui-pq.png 550w, https:\/\/telfio.com.br\/wp-content\/uploads\/2024\/09\/Logotipo-Aqui-pq-300x102.png 300w\" sizes=\"(max-width: 550px) 100vw, 550px\" \/><\/figure>\n<\/div>\n\n<div class=\"wp-block-image\">\n<figure class=\"alignright size-full is-resized\"><img decoding=\"async\" src=\"https:\/\/telfio.com.br\/wp-content\/uploads\/2024\/06\/Logotipo-Aqui-pq.png\" alt=\"\" class=\"wp-image-11\" style=\"width:397px;height:auto\"\/><\/figure>\n<\/div>\n\n\n<p><strong>MISS\u00c3O<\/strong><br>Atender o melhor poss\u00edvel nossos clientes. Comercializar produtos de qualidade para o mercado de telefonia e provedores de internet.<br><strong>OBJETIVO<\/strong><br>Crescer no mercado, com relev\u00e2ncia, gradualmente, e em const\u00e2ncia. Observando a evolu\u00e7\u00e3o tecnol\u00f3gica do mercado!<\/p>\n\n\n\n<p><\/p>\n","protected":false},"excerpt":{"rendered":"<p>A TELFIO \u00e9 uma empresa com o foco na telefonia \u2013 Materiais de Telefonia. Est\u00e1 a mais de 20 anos&#8230;<\/p>\n","protected":false},"author":1,"featured_media":0,"parent":0,"menu_order":0,"comment_status":"closed","ping_status":"closed","template":"","meta":{"_joinchat":[],"footnotes":""},"class_list":["post-50","page","type-page","status-publish","hentry"],"post-meta":{"_edit_lock":["1747245550:1"],"_edit_last":["1"],"spacious_page_layout":["no_sidebar_full_width"],"site-container":["default"],"site-header-transparent":["default"],"site-page-header":["default"],"site-sidebar":["default"],"rank_math_analytic_object_id":["125"],"rank_math_og_content_image":["a:2:{s:5:\"check\";s:32:\"bfb0b645213dea29e3c3234902488782\";s:6:\"images\";a:2:{i:0;i:5032;i:1;s:68:\"http:\/\/telfio.com.br\/wp-content\/uploads\/2024\/06\/Logotipo-Aqui-pq.png\";}}"],"rank_math_internal_links_processed":["1"]},"_links":{"self":[{"href":"https:\/\/telfio.com.br\/index.php?rest_route=\/wp\/v2\/pages\/50","targetHints":{"allow":["GET"]}}],"collection":[{"href":"https:\/\/telfio.com.br\/index.php?rest_route=\/wp\/v2\/pages"}],"about":[{"href":"https:\/\/telfio.com.br\/index.php?rest_route=\/wp\/v2\/types\/page"}],"author":[{"embeddable":true,"href":"https:\/\/telfio.com.br\/index.php?rest_route=\/wp\/v2\/users\/1"}],"replies":[{"embeddable":true,"href":"https:\/\/telfio.com.br\/index.php?rest_route=%2Fwp%2Fv2%2Fcomments&post=50"}],"version-history":[{"count":6,"href":"https:\/\/telfio.com.br\/index.php?rest_route=\/wp\/v2\/pages\/50\/revisions"}],"predecessor-version":[{"id":5786,"href":"https:\/\/telfio.com.br\/index.php?rest_route=\/wp\/v2\/pages\/50\/revisions\/5786"}],"wp:attachment":[{"href":"https:\/\/telfio.com.br\/index.php?rest_route=%2Fwp%2Fv2%2Fmedia&parent=50"}],"curies":[{"name":"wp","href":"https:\/\/api.w.org\/{rel}","templated":true}]}}